{"id":1569,"date":"2021-03-26T11:31:16","date_gmt":"2021-03-26T10:31:16","guid":{"rendered":"https:\/\/tvw-witzhelden.de\/tennis\/?page_id=1569"},"modified":"2021-05-22T15:32:27","modified_gmt":"2021-05-22T14:32:27","slug":"historie","status":"publish","type":"page","link":"https:\/\/www.tvw-witzhelden.de\/tennis\/historie\/","title":{"rendered":"Historie"},"content":{"rendered":"\t\t<div data-elementor-type=\"wp-page\" data-elementor-id=\"1569\" class=\"elementor elementor-1569\" data-elementor-post-type=\"page\">\n\t\t\t\t\t\t<section class=\"elementor-section elementor-top-section elementor-element elementor-element-091c393 elementor-section-boxed elementor-section-height-default elementor-section-height-default\" data-id=\"091c393\" data-element_type=\"section\" data-e-type=\"section\" data-settings=\"{&quot;background_background&quot;:&quot;classic&quot;}\">\n\t\t\t\t\t\t<div class=\"elementor-container elementor-column-gap-default\">\n\t\t\t\t\t<div class=\"elementor-column elementor-col-100 elementor-top-column elementor-element elementor-element-40d0a88\" data-id=\"40d0a88\" data-element_type=\"column\" data-e-type=\"column\">\n\t\t\t<div class=\"elementor-widget-wrap elementor-element-populated\">\n\t\t\t\t\t\t<div class=\"elementor-element elementor-element-930ee6f elementor-widget elementor-widget-heading\" data-id=\"930ee6f\" data-element_type=\"widget\" data-e-type=\"widget\" data-widget_type=\"heading.default\">\n\t\t\t\t<div class=\"elementor-widget-container\">\n\t\t\t\t\t<h1 class=\"elementor-heading-title elementor-size-default\"> <span class=\"highlight\">Vereinsgeschichte<\/span><\/h1>\t\t\t\t<\/div>\n\t\t\t\t<\/div>\n\t\t\t\t\t<\/div>\n\t\t<\/div>\n\t\t\t\t\t<\/div>\n\t\t<\/section>\n\t\t\t\t<section class=\"elementor-section elementor-top-section elementor-element elementor-element-a4339a7 elementor-section-boxed elementor-section-height-default elementor-section-height-default\" data-id=\"a4339a7\" data-element_type=\"section\" data-e-type=\"section\">\n\t\t\t\t\t\t<div class=\"elementor-container elementor-column-gap-default\">\n\t\t\t\t\t<div class=\"elementor-column elementor-col-50 elementor-top-column elementor-element elementor-element-8475229\" data-id=\"8475229\" data-element_type=\"column\" data-e-type=\"column\">\n\t\t\t<div class=\"elementor-widget-wrap elementor-element-populated\">\n\t\t\t\t\t\t<div class=\"elementor-element elementor-element-04e94d5 elementor-widget elementor-widget-text-editor\" data-id=\"04e94d5\" data-element_type=\"widget\" data-e-type=\"widget\" data-widget_type=\"text-editor.default\">\n\t\t\t\t<div class=\"elementor-widget-container\">\n\t\t\t\t\t\t\t\t\t<p>Die Tennisabteilung des TV Witzhelden wurde am 16.12.1976 gegr\u00fcndet. Mit gro\u00dfem Tatendrang bew\u00e4ltigten die Erstmitglieder die mit der Gr\u00fcndung des Vereins verbundenen Aufgaben. Es wurden 2 Kunststoff-Hartpl\u00e4tze errichtet und Ende August 1977 wurde der Spielbetrieb er\u00f6ffnet. Als Clubhaus diente zun\u00e4chst eine gebrauchte Blockh\u00fctte, die mit erheblichem Aufwand auf einem Tieflader an ihren neuen Standort gebracht wurde. Technisch begabte Mitglieder haben sich immer wieder uneigenn\u00fctzig und oft auch mit eigenen Kosten zur Verf\u00fcgung gestellt, um die Anlage instand zu halten.<\/p>\t\t\t\t\t\t\t\t<\/div>\n\t\t\t\t<\/div>\n\t\t\t\t\t<\/div>\n\t\t<\/div>\n\t\t\t\t<div class=\"elementor-column elementor-col-50 elementor-top-column elementor-element elementor-element-201de89\" data-id=\"201de89\" data-element_type=\"column\" data-e-type=\"column\">\n\t\t\t<div class=\"elementor-widget-wrap elementor-element-populated\">\n\t\t\t\t\t\t<div class=\"elementor-element elementor-element-22741c6 elementor-widget elementor-widget-text-editor\" data-id=\"22741c6\" data-element_type=\"widget\" data-e-type=\"widget\" data-widget_type=\"text-editor.default\">\n\t\t\t\t<div class=\"elementor-widget-container\">\n\t\t\t\t\t\t\t\t\t<div>1981 wurden 2 weitere Grundst\u00fccke gepachtet. Die zwei Pl\u00e4tze wurden zu Aschenpl\u00e4tzen umgebaut sowie ein dritter Platz errichtet. 1994 wurde die Blockh\u00fctte abgerissen und unser heutiges gem\u00fctliches Clubhaus errichtet. Dieses kann auch au\u00dferhalb von Tennisveranstaltungen in der freien Zeit f\u00fcr Familienfeiern angemietet werden.<\/div><div>\u00a0<\/div><div>Wenn du mehr \u00fcber unsere Vereinsgeschichte erfahren m\u00f6chten, lies den nachfolgenden Artikel, den wir in der Festschrift des TV Witzhelden zum 125-j\u00e4hrigen Bestehen ver\u00f6ffentlicht haben.<\/div>\t\t\t\t\t\t\t\t<\/div>\n\t\t\t\t<\/div>\n\t\t\t\t<div class=\"elementor-element elementor-element-5341c6e elementor-widget elementor-widget-button\" data-id=\"5341c6e\" data-element_type=\"widget\" data-e-type=\"widget\" data-widget_type=\"button.default\">\n\t\t\t\t<div class=\"elementor-widget-container\">\n\t\t\t\t\t\t\t\t\t<div class=\"elementor-button-wrapper\">\n\t\t\t\t\t<a class=\"elementor-button elementor-button-link elementor-size-sm\" href=\"https:\/\/tvw-witzhelden.de\/tennis\/wp-content\/uploads\/2011\/02\/G-254-TV-Witzhelden-Festschrift_Tennis-only.pdf\" target=\"_blank\">\n\t\t\t\t\t\t<span class=\"elementor-button-content-wrapper\">\n\t\t\t\t\t\t\t\t\t<span class=\"elementor-button-text\">Artikel aus Festschrift zum 125 j\u00e4hrigen Bestehen des TV Witzhelden<\/span>\n\t\t\t\t\t<\/span>\n\t\t\t\t\t<\/a>\n\t\t\t\t<\/div>\n\t\t\t\t\t\t\t\t<\/div>\n\t\t\t\t<\/div>\n\t\t\t\t\t<\/div>\n\t\t<\/div>\n\t\t\t\t\t<\/div>\n\t\t<\/section>\n\t\t\t\t<\/div>\n\t\t","protected":false},"excerpt":{"rendered":"<p>Vereinsgeschichte Die Tennisabteilung des TV Witzhelden wurde am 16.12.1976 gegr\u00fcndet. Mit gro\u00dfem Tatendrang bew\u00e4ltigten die Erstmitglieder die mit der Gr\u00fcndung des Vereins verbundenen Aufgaben. Es wurden 2 Kunststoff-Hartpl\u00e4tze errichtet und Ende August 1977 wurde der Spielbetrieb er\u00f6ffnet. Als Clubhaus diente zun\u00e4chst eine gebrauchte Blockh\u00fctte, die mit erheblichem Aufwand auf einem Tieflader an ihren neuen Standort [&hellip;]<\/p>\n","protected":false},"author":6,"featured_media":0,"parent":0,"menu_order":0,"comment_status":"closed","ping_status":"closed","template":"","meta":{"_seopress_robots_primary_cat":"","_seopress_titles_title":"","_seopress_titles_desc":"","_seopress_robots_index":"","_mo_disable_npp":"","site-sidebar-layout":"no-sidebar","site-content-layout":"page-builder","ast-site-content-layout":"","site-content-style":"default","site-sidebar-style":"default","ast-global-header-display":"","ast-banner-title-visibility":"","ast-main-header-display":"","ast-hfb-above-header-display":"","ast-hfb-below-header-display":"","ast-hfb-mobile-header-display":"","site-post-title":"disabled","ast-breadcrumbs-content":"","ast-featured-img":"disabled","footer-sml-layout":"","theme-transparent-header-meta":"","adv-header-id-meta":"","stick-header-meta":"","header-above-stick-meta":"","header-main-stick-meta":"","header-below-stick-meta":"","astra-migrate-meta-layouts":"default","ast-page-background-enabled":"default","ast-page-background-meta":{"desktop":{"background-color":"","background-image":"","background-repeat":"repeat","background-position":"center center","background-size":"auto","background-attachment":"scroll","background-type":"","background-media":"","overlay-type":"","overlay-color":"","overlay-opacity":"","overlay-gradient":""},"tablet":{"background-color":"","background-image":"","background-repeat":"repeat","background-position":"center center","background-size":"auto","background-attachment":"scroll","background-type":"","background-media":"","overlay-type":"","overlay-color":"","overlay-opacity":"","overlay-gradient":""},"mobile":{"background-color":"","background-image":"","background-repeat":"repeat","background-position":"center center","background-size":"auto","background-attachment":"scroll","background-type":"","background-media":"","overlay-type":"","overlay-color":"","overlay-opacity":"","overlay-gradient":""}},"ast-content-background-meta":{"desktop":{"background-color":"var(--ast-global-color-5)","background-image":"","background-repeat":"repeat","background-position":"center center","background-size":"auto","background-attachment":"scroll","background-type":"","background-media":"","overlay-type":"","overlay-color":"","overlay-opacity":"","overlay-gradient":""},"tablet":{"background-color":"var(--ast-global-color-5)","background-image":"","background-repeat":"repeat","background-position":"center center","background-size":"auto","background-attachment":"scroll","background-type":"","background-media":"","overlay-type":"","overlay-color":"","overlay-opacity":"","overlay-gradient":""},"mobile":{"background-color":"var(--ast-global-color-5)","background-image":"","background-repeat":"repeat","background-position":"center center","background-size":"auto","background-attachment":"scroll","background-type":"","background-media":"","overlay-type":"","overlay-color":"","overlay-opacity":"","overlay-gradient":""}},"footnotes":""},"class_list":["post-1569","page","type-page","status-publish","hentry"],"_links":{"self":[{"href":"https:\/\/www.tvw-witzhelden.de\/tennis\/wp-json\/wp\/v2\/pages\/1569","targetHints":{"allow":["GET"]}}],"collection":[{"href":"https:\/\/www.tvw-witzhelden.de\/tennis\/wp-json\/wp\/v2\/pages"}],"about":[{"href":"https:\/\/www.tvw-witzhelden.de\/tennis\/wp-json\/wp\/v2\/types\/page"}],"author":[{"embeddable":true,"href":"https:\/\/www.tvw-witzhelden.de\/tennis\/wp-json\/wp\/v2\/users\/6"}],"replies":[{"embeddable":true,"href":"https:\/\/www.tvw-witzhelden.de\/tennis\/wp-json\/wp\/v2\/comments?post=1569"}],"version-history":[{"count":0,"href":"https:\/\/www.tvw-witzhelden.de\/tennis\/wp-json\/wp\/v2\/pages\/1569\/revisions"}],"wp:attachment":[{"href":"https:\/\/www.tvw-witzhelden.de\/tennis\/wp-json\/wp\/v2\/media?parent=1569"}],"curies":[{"name":"wp","href":"https:\/\/api.w.org\/{rel}","templated":true}]}}